{"id":1481,"date":"2026-02-05T15:55:22","date_gmt":"2026-02-05T14:55:22","guid":{"rendered":"https:\/\/lebrundefolie.fr\/?post_type=product&#038;p=1481"},"modified":"2026-03-31T15:05:49","modified_gmt":"2026-03-31T13:05:49","slug":"baguette-pour-cheveux-limace-feerique-realiste","status":"publish","type":"product","link":"https:\/\/lebrundefolie.fr\/index.php\/product\/baguette-pour-cheveux-limace-feerique-realiste\/","title":{"rendered":"baguette pour cheveux limace f\u00e9\u00e9rique r\u00e9aliste"},"content":{"rendered":"<p>Dimensions :<br \/>\nentre 15 &#8211; 17 cm<\/p>\n<p>Mat\u00e9riaux : fimo, pastel sec, peinture acrylique extra fine et poudre paillet\u00e9, baguette en bois recycl\u00e9es<\/p>\n<p>Cette limace (5 cm de long ) est r\u00e9alis\u00e9 en p\u00e2te polym\u00e8re puis poudr\u00e9 avec des pastels secs. Chacune des baguettes est unique faite \u00e0 la main, il peut donc y avoir des variantes entre les photo et la r\u00e9alit\u00e9.<\/p>\n<p>Si vous souhaitez une cr\u00e9ation personnalis\u00e9e, je vous invite \u00e0 me contacter au mail: lebrundefolie@outlook.fr .<br \/>\nChacune de mes cr\u00e9ations sont sculpt\u00e9es, peintes et vernie \u00e0 la main.<\/p>\n","protected":false},"excerpt":{"rendered":"<p>baguette \u00e0 cheveux f\u00e9\u00e9rique insecte<\/p>\n","protected":false},"featured_media":1482,"comment_status":"open","ping_status":"closed","template":"","meta":{"_et_pb_use_builder":"","_et_pb_old_content":"","_et_gb_content_width":""},"product_cat":[21],"product_tag":[27,46,28,29,32,30,47,31,26],"class_list":{"0":"post-1481","1":"product","2":"type-product","3":"status-publish","4":"has-post-thumbnail","6":"product_cat-baguette-a-cheveux","7":"product_tag-baguette","8":"product_tag-chenille","9":"product_tag-cheveux","10":"product_tag-coiffure","11":"product_tag-colore","12":"product_tag-dragon","13":"product_tag-escargot","14":"product_tag-etrange","15":"product_tag-limace","16":"product_shipping_class-petit-colis","18":"first","19":"instock","20":"shipping-taxable","21":"purchasable","22":"product-type-variable"},"_links":{"self":[{"href":"https:\/\/lebrundefolie.fr\/index.php\/wp-json\/wp\/v2\/product\/1481","targetHints":{"allow":["GET"]}}],"collection":[{"href":"https:\/\/lebrundefolie.fr\/index.php\/wp-json\/wp\/v2\/product"}],"about":[{"href":"https:\/\/lebrundefolie.fr\/index.php\/wp-json\/wp\/v2\/types\/product"}],"replies":[{"embeddable":true,"href":"https:\/\/lebrundefolie.fr\/index.php\/wp-json\/wp\/v2\/comments?post=1481"}],"wp:featuredmedia":[{"embeddable":true,"href":"https:\/\/lebrundefolie.fr\/index.php\/wp-json\/wp\/v2\/media\/1482"}],"wp:attachment":[{"href":"https:\/\/lebrundefolie.fr\/index.php\/wp-json\/wp\/v2\/media?parent=1481"}],"wp:term":[{"taxonomy":"product_cat","embeddable":true,"href":"https:\/\/lebrundefolie.fr\/index.php\/wp-json\/wp\/v2\/product_cat?post=1481"},{"taxonomy":"product_tag","embeddable":true,"href":"https:\/\/lebrundefolie.fr\/index.php\/wp-json\/wp\/v2\/product_tag?post=1481"}],"curies":[{"name":"wp","href":"https:\/\/api.w.org\/{rel}","templated":true}]}}