{"id":1497,"date":"2026-02-05T16:42:35","date_gmt":"2026-02-05T15:42:35","guid":{"rendered":"https:\/\/lebrundefolie.fr\/?post_type=product&#038;p=1497"},"modified":"2026-04-01T22:20:20","modified_gmt":"2026-04-01T20:20:20","slug":"escargot-aimante-phosphorescent-avec-une-vraie-coquille-veilleuse-a-plante","status":"publish","type":"product","link":"https:\/\/lebrundefolie.fr\/index.php\/product\/escargot-aimante-phosphorescent-avec-une-vraie-coquille-veilleuse-a-plante\/","title":{"rendered":"Neskargot\/Escargot aimant\u00e9 phosphorescent avec une vraie coquille \/ Veilleuse \u00e0 plante"},"content":{"rendered":"<p>Dimensions :<br \/>\nentre 15 &#8211; 17 cm<\/p>\n<p>Mat\u00e9riaux : fimo, vraie coquille, aimant<\/p>\n<p>Cet escargot (5 cm de long ) est r\u00e9alis\u00e9 avec une v\u00e9ritable coquille d&rsquo;escargot r\u00e9cup\u00e9r\u00e9 en for\u00eat. L&rsquo;escargot est fait en p\u00e2te polym\u00e8re phosphorescente, il brille dans le noir. Son corps ainsi que sa coquille sont vernies mais il reste imp\u00e9ratif d&rsquo;en prendre soin car contrairement au escargot vivant la coquille ne pourra pas \u00eatre r\u00e9par\u00e9e.<\/p>\n<p>Si vous souhaitez une cr\u00e9ation personnalis\u00e9e, je vous invite \u00e0 me contacter au mail: lebrundefolie@outlook.fr .<br \/>\nChacune de mes cr\u00e9ations sont sculpt\u00e9es, peintes et vernie \u00e0 la main.<\/p>\n","protected":false},"excerpt":{"rendered":"<p>insecte escargot aimant\u00e9<\/p>\n","protected":false},"featured_media":1565,"comment_status":"open","ping_status":"closed","template":"","meta":{"_et_pb_use_builder":"","_et_pb_old_content":"","_et_gb_content_width":""},"product_cat":[48],"product_tag":[27,46,28,29,32,30,47,31,26],"class_list":{"0":"post-1497","1":"product","2":"type-product","3":"status-publish","4":"has-post-thumbnail","6":"product_cat-decoration-plantesque","7":"product_tag-baguette","8":"product_tag-chenille","9":"product_tag-cheveux","10":"product_tag-coiffure","11":"product_tag-colore","12":"product_tag-dragon","13":"product_tag-escargot","14":"product_tag-etrange","15":"product_tag-limace","16":"product_shipping_class-petit-colis","18":"first","19":"instock","20":"shipping-taxable","21":"purchasable","22":"product-type-simple"},"_links":{"self":[{"href":"https:\/\/lebrundefolie.fr\/index.php\/wp-json\/wp\/v2\/product\/1497","targetHints":{"allow":["GET"]}}],"collection":[{"href":"https:\/\/lebrundefolie.fr\/index.php\/wp-json\/wp\/v2\/product"}],"about":[{"href":"https:\/\/lebrundefolie.fr\/index.php\/wp-json\/wp\/v2\/types\/product"}],"replies":[{"embeddable":true,"href":"https:\/\/lebrundefolie.fr\/index.php\/wp-json\/wp\/v2\/comments?post=1497"}],"wp:featuredmedia":[{"embeddable":true,"href":"https:\/\/lebrundefolie.fr\/index.php\/wp-json\/wp\/v2\/media\/1565"}],"wp:attachment":[{"href":"https:\/\/lebrundefolie.fr\/index.php\/wp-json\/wp\/v2\/media?parent=1497"}],"wp:term":[{"taxonomy":"product_cat","embeddable":true,"href":"https:\/\/lebrundefolie.fr\/index.php\/wp-json\/wp\/v2\/product_cat?post=1497"},{"taxonomy":"product_tag","embeddable":true,"href":"https:\/\/lebrundefolie.fr\/index.php\/wp-json\/wp\/v2\/product_tag?post=1497"}],"curies":[{"name":"wp","href":"https:\/\/api.w.org\/{rel}","templated":true}]}}