{"id":1554,"date":"2026-02-24T20:50:53","date_gmt":"2026-02-24T19:50:53","guid":{"rendered":"https:\/\/lebrundefolie.fr\/?post_type=product&#038;p=1554"},"modified":"2026-03-31T15:10:42","modified_gmt":"2026-03-31T13:10:42","slug":"pins-scaraboule-scarabee-accroches-acier-inoxydable-realiste-feerique-coloree","status":"publish","type":"product","link":"https:\/\/lebrundefolie.fr\/index.php\/product\/pins-scaraboule-scarabee-accroches-acier-inoxydable-realiste-feerique-coloree\/","title":{"rendered":"Pins scaraboule\/scarab\u00e9e accroches acier inoxydable r\u00e9aliste f\u00e9\u00e9rique color\u00e9e"},"content":{"rendered":"<p>Dimensions :<br \/>\nentre 1 cm \u00e0 1.5cm de long pour 1cm de large<\/p>\n<p>Mat\u00e9riaux : fimo, pastel sec, fil de fer, peinture acrylique extra fine et support pins acier inoxydable<\/p>\n<p>Mes scarab\u00e9es sont en pate polym\u00e8re sculpt\u00e9 \u00e0 la main puis recouvert de poudre paillet\u00e9e et r\u00e9sin\u00e9 !<\/p>\n<p>Ils sont enti\u00e8rement faite a la main, il peut donc avoir des variations entre la photo et la r\u00e9alit\u00e9. Si comme moi vous \u00eates des insectes lovers, je vous laisse donc en choisir celle une pour qu\u2019elle devienne votre compagne de vie dans toutes vos aventures automnales.<\/p>\n<p>Pour des mod\u00e8les personnalis\u00e9s : lebrundefolie@outlook.fr .<\/p>\n<p>Chacune de mes cr\u00e9ations sont sculpt\u00e9es, peintes et vernie \u00e0 la main.<\/p>\n","protected":false},"excerpt":{"rendered":"<p>scaraboule f\u00e9\u00e9rique<\/p>\n","protected":false},"featured_media":1562,"comment_status":"open","ping_status":"closed","template":"","meta":{"_et_pb_use_builder":"","_et_pb_old_content":"","_et_gb_content_width":""},"product_cat":[25],"product_tag":[43,32,31,42,35,40,34],"class_list":{"0":"post-1554","1":"product","2":"type-product","3":"status-publish","4":"has-post-thumbnail","6":"product_cat-pins","7":"product_tag-cartoon","8":"product_tag-colore","9":"product_tag-etrange","10":"product_tag-halloweeen","11":"product_tag-insecte","12":"product_tag-original","13":"product_tag-pins","15":"first","16":"instock","17":"shipping-taxable","18":"purchasable","19":"product-type-variable"},"_links":{"self":[{"href":"https:\/\/lebrundefolie.fr\/index.php\/wp-json\/wp\/v2\/product\/1554","targetHints":{"allow":["GET"]}}],"collection":[{"href":"https:\/\/lebrundefolie.fr\/index.php\/wp-json\/wp\/v2\/product"}],"about":[{"href":"https:\/\/lebrundefolie.fr\/index.php\/wp-json\/wp\/v2\/types\/product"}],"replies":[{"embeddable":true,"href":"https:\/\/lebrundefolie.fr\/index.php\/wp-json\/wp\/v2\/comments?post=1554"}],"wp:featuredmedia":[{"embeddable":true,"href":"https:\/\/lebrundefolie.fr\/index.php\/wp-json\/wp\/v2\/media\/1562"}],"wp:attachment":[{"href":"https:\/\/lebrundefolie.fr\/index.php\/wp-json\/wp\/v2\/media?parent=1554"}],"wp:term":[{"taxonomy":"product_cat","embeddable":true,"href":"https:\/\/lebrundefolie.fr\/index.php\/wp-json\/wp\/v2\/product_cat?post=1554"},{"taxonomy":"product_tag","embeddable":true,"href":"https:\/\/lebrundefolie.fr\/index.php\/wp-json\/wp\/v2\/product_tag?post=1554"}],"curies":[{"name":"wp","href":"https:\/\/api.w.org\/{rel}","templated":true}]}}