{"id":1607,"date":"2026-03-20T17:01:27","date_gmt":"2026-03-20T16:01:27","guid":{"rendered":"https:\/\/lebrundefolie.fr\/?post_type=product&#038;p=1607"},"modified":"2026-03-20T17:06:48","modified_gmt":"2026-03-20T16:06:48","slug":"bague-reglable-support-acier-inoxydable-escargot-nescargot","status":"publish","type":"product","link":"https:\/\/lebrundefolie.fr\/index.php\/product\/bague-reglable-support-acier-inoxydable-escargot-nescargot\/","title":{"rendered":"Bague r\u00e9glable support acier inoxydable escargot\/Nescargot"},"content":{"rendered":"<p>Dimensions :<br \/>\nentre\u00a0 1.5 cm de long pour 7mm de large escargot<\/p>\n<p>Mat\u00e9riaux : cosclay, coquille, r\u00e9sine UV<\/p>\n<p>Mes nescargots sont en pate polym\u00e8re donc ne vous inqui\u00e9tez pas pour la bave c\u2019est sans risque ! La p\u00e2te reste flexible apr\u00e8s cuisson ce qui permet d&rsquo;utiliser le syst\u00e8me de r\u00e9glage ! Les petites antennes autres extr\u00e9mit\u00e9es sont elles aussi flexibles et ne doivent donc pas casser. Par contre, cela reste une bague volumineuse donc peut pratique pour moi c&rsquo;est vraiment pour se la p\u00e9ter donc faite y vraiment attention !<\/p>\n<p>Elles sont enti\u00e8rement faite a la main, il peut donc avoir des variations entre la photo et la r\u00e9alit\u00e9. Si comme moi vous \u00eates des insectes lovers, je vous laisse donc en choisir celle une pour qu\u2019elle devienne votre compagne de vie dans toutes vos aventures \ud83d\ude42.<\/p>\n<p>Pour des mod\u00e8les personnalis\u00e9s : lebrundefolie@outlook.fr .<\/p>\n<p>Chacune de mes cr\u00e9ations sont sculpt\u00e9es, peintes et vernie \u00e0 la main.<\/p>\n","protected":false},"excerpt":{"rendered":"<p>escargot r\u00e9aliste<\/p>\n","protected":false},"featured_media":1612,"comment_status":"open","ping_status":"closed","template":"","meta":{"_et_pb_use_builder":"","_et_pb_old_content":"","_et_gb_content_width":""},"product_cat":[16],"product_tag":[43,32,31,42,35,49,40,34],"class_list":{"0":"post-1607","1":"product","2":"type-product","3":"status-publish","4":"has-post-thumbnail","6":"product_cat-bijoux","7":"product_tag-cartoon","8":"product_tag-colore","9":"product_tag-etrange","10":"product_tag-halloweeen","11":"product_tag-insecte","12":"product_tag-marin","13":"product_tag-original","14":"product_tag-pins","16":"first","17":"instock","18":"shipping-taxable","19":"purchasable","20":"product-type-simple"},"_links":{"self":[{"href":"https:\/\/lebrundefolie.fr\/index.php\/wp-json\/wp\/v2\/product\/1607","targetHints":{"allow":["GET"]}}],"collection":[{"href":"https:\/\/lebrundefolie.fr\/index.php\/wp-json\/wp\/v2\/product"}],"about":[{"href":"https:\/\/lebrundefolie.fr\/index.php\/wp-json\/wp\/v2\/types\/product"}],"replies":[{"embeddable":true,"href":"https:\/\/lebrundefolie.fr\/index.php\/wp-json\/wp\/v2\/comments?post=1607"}],"wp:featuredmedia":[{"embeddable":true,"href":"https:\/\/lebrundefolie.fr\/index.php\/wp-json\/wp\/v2\/media\/1612"}],"wp:attachment":[{"href":"https:\/\/lebrundefolie.fr\/index.php\/wp-json\/wp\/v2\/media?parent=1607"}],"wp:term":[{"taxonomy":"product_cat","embeddable":true,"href":"https:\/\/lebrundefolie.fr\/index.php\/wp-json\/wp\/v2\/product_cat?post=1607"},{"taxonomy":"product_tag","embeddable":true,"href":"https:\/\/lebrundefolie.fr\/index.php\/wp-json\/wp\/v2\/product_tag?post=1607"}],"curies":[{"name":"wp","href":"https:\/\/api.w.org\/{rel}","templated":true}]}}