{"id":1655,"date":"2026-04-15T16:51:48","date_gmt":"2026-04-15T14:51:48","guid":{"rendered":"https:\/\/lebrundefolie.fr\/?post_type=product&#038;p=1655"},"modified":"2026-04-15T16:58:02","modified_gmt":"2026-04-15T14:58:02","slug":"pins-cloporte-gris-realiste","status":"publish","type":"product","link":"https:\/\/lebrundefolie.fr\/index.php\/product\/pins-cloporte-gris-realiste\/","title":{"rendered":"pins cloporte gris r\u00e9aliste"},"content":{"rendered":"<p>Dimensions :<br \/>\nentre 6-8mm<\/p>\n<p>Mat\u00e9riaux : fimo, pastel sec, peinture acrylique extra fine et support pins acier inox, fil de p\u00eache<\/p>\n<p>Pour les fans de cloportes, voici les des petits pins qui devrait vous faire plaisir ! Entre la sculpture, peinture et l&rsquo;installation des antennes ce fut un travail de longue haleine mais le r\u00e9sultat est l\u00e0 je trouve et j&rsquo;esp\u00e8re que vous aussi \ud83d\ude42<\/p>\n<p>Chacun des cloportes est unique fait \u00e0 la main, il peut donc y avoir des variantes entre les photos et la r\u00e9alit\u00e9.<\/p>\n<p>Si vous souhaitez un pins insecte personnalis\u00e9e, je vous invite \u00e0 me contacter au mail: lebrundefolie@outlook.fr .<br \/>\nChacune de mes cr\u00e9ations sont sculpt\u00e9es, peintes et vernie \u00e0 la main.<\/p>\n","protected":false},"excerpt":{"rendered":"<p>pins cloporte gris r\u00e9aliste<\/p>\n","protected":false},"featured_media":1658,"comment_status":"open","ping_status":"closed","template":"","meta":{"_et_pb_use_builder":"","_et_pb_old_content":"","_et_gb_content_width":""},"product_cat":[25],"product_tag":[32,35,34],"class_list":{"0":"post-1655","1":"product","2":"type-product","3":"status-publish","4":"has-post-thumbnail","6":"product_cat-pins","7":"product_tag-colore","8":"product_tag-insecte","9":"product_tag-pins","11":"first","12":"instock","13":"shipping-taxable","14":"purchasable","15":"product-type-simple"},"_links":{"self":[{"href":"https:\/\/lebrundefolie.fr\/index.php\/wp-json\/wp\/v2\/product\/1655","targetHints":{"allow":["GET"]}}],"collection":[{"href":"https:\/\/lebrundefolie.fr\/index.php\/wp-json\/wp\/v2\/product"}],"about":[{"href":"https:\/\/lebrundefolie.fr\/index.php\/wp-json\/wp\/v2\/types\/product"}],"replies":[{"embeddable":true,"href":"https:\/\/lebrundefolie.fr\/index.php\/wp-json\/wp\/v2\/comments?post=1655"}],"wp:featuredmedia":[{"embeddable":true,"href":"https:\/\/lebrundefolie.fr\/index.php\/wp-json\/wp\/v2\/media\/1658"}],"wp:attachment":[{"href":"https:\/\/lebrundefolie.fr\/index.php\/wp-json\/wp\/v2\/media?parent=1655"}],"wp:term":[{"taxonomy":"product_cat","embeddable":true,"href":"https:\/\/lebrundefolie.fr\/index.php\/wp-json\/wp\/v2\/product_cat?post=1655"},{"taxonomy":"product_tag","embeddable":true,"href":"https:\/\/lebrundefolie.fr\/index.php\/wp-json\/wp\/v2\/product_tag?post=1655"}],"curies":[{"name":"wp","href":"https:\/\/api.w.org\/{rel}","templated":true}]}}